{"id":751,"date":"2021-03-13T14:06:27","date_gmt":"2021-03-13T14:06:27","guid":{"rendered":"http:\/\/rasadniksavarika.rs\/?post_type=product&#038;p=751"},"modified":"2021-03-21T14:53:09","modified_gmt":"2021-03-21T14:53:09","slug":"bambus-spektabilis","status":"publish","type":"product","link":"https:\/\/rasadniksavarika.rs\/index.php\/product\/bambus-spektabilis\/","title":{"rendered":"Bambus Spektabilis"},"content":{"rendered":"<p>Pravi vrhunski primerak ili paravan koji \u010desto sa lako\u0107om dosti\u017ee 5-6 metara visine. Budu\u0107i da je jedan od najbr\u017eih i relativno velikih bambusa koje mo\u017eemo ovde da uzgajamo, i njegovo korenje mo\u017ee biti prili\u010dno agresivno i ukoliko vam nije potreban gaj, definitivno bih vam preporu\u010dio da koristite korensku barijeru da vodite ili ograni\u010davate svoj \u201eSpectabilis\u201c u smeru u kojem \u017eelite da ga zadr\u017ei.<\/p>\n","protected":false},"excerpt":{"rendered":"<h3><span data-text-color=\"success\"><em>&#8220;Phyllostachys aureosulcata spectabilis&#8221;<\/em><\/span><\/h3>\n<p>U ponudi sadnice u saksiji visine oko 2 m.<\/p>\n","protected":false},"featured_media":998,"comment_status":"closed","ping_status":"closed","template":"","meta":[],"product_brand":[],"product_cat":[21],"product_tag":[45],"class_list":{"0":"post-751","1":"product","2":"type-product","3":"status-publish","4":"has-post-thumbnail","6":"product_cat-ukrasne-trave","7":"product_tag-bambus","9":"first","10":"instock","11":"shipping-taxable","12":"purchasable","13":"product-type-simple"},"jetpack_sharing_enabled":true,"_links":{"self":[{"href":"https:\/\/rasadniksavarika.rs\/index.php\/wp-json\/wp\/v2\/product\/751","targetHints":{"allow":["GET"]}}],"collection":[{"href":"https:\/\/rasadniksavarika.rs\/index.php\/wp-json\/wp\/v2\/product"}],"about":[{"href":"https:\/\/rasadniksavarika.rs\/index.php\/wp-json\/wp\/v2\/types\/product"}],"replies":[{"embeddable":true,"href":"https:\/\/rasadniksavarika.rs\/index.php\/wp-json\/wp\/v2\/comments?post=751"}],"wp:featuredmedia":[{"embeddable":true,"href":"https:\/\/rasadniksavarika.rs\/index.php\/wp-json\/wp\/v2\/media\/998"}],"wp:attachment":[{"href":"https:\/\/rasadniksavarika.rs\/index.php\/wp-json\/wp\/v2\/media?parent=751"}],"wp:term":[{"taxonomy":"product_brand","embeddable":true,"href":"https:\/\/rasadniksavarika.rs\/index.php\/wp-json\/wp\/v2\/product_brand?post=751"},{"taxonomy":"product_cat","embeddable":true,"href":"https:\/\/rasadniksavarika.rs\/index.php\/wp-json\/wp\/v2\/product_cat?post=751"},{"taxonomy":"product_tag","embeddable":true,"href":"https:\/\/rasadniksavarika.rs\/index.php\/wp-json\/wp\/v2\/product_tag?post=751"}],"curies":[{"name":"wp","href":"https:\/\/api.w.org\/{rel}","templated":true}]}}