{"id":763,"date":"2021-03-13T14:48:06","date_gmt":"2021-03-13T14:48:06","guid":{"rendered":"http:\/\/rasadniksavarika.rs\/?post_type=product&#038;p=763"},"modified":"2021-03-15T17:57:11","modified_gmt":"2021-03-15T17:57:11","slug":"japanska-vinska-malina-sadnica","status":"publish","type":"product","link":"https:\/\/rasadniksavarika.rs\/index.php\/product\/japanska-vinska-malina-sadnica\/","title":{"rendered":"Japanska vinska malina sadnica"},"content":{"rendered":"<p>Japanska malina,\u00a0 Rubus phoenicolasius L.<\/p>\n<p>Uzgojni oblik: grm, brzo raste, grane su crvenkaste i bodljikave.<\/p>\n<p>Plod: oblikom sli\u010dan malini, sjajno crvene boje , veli\u010dine oko 1 cm.<\/p>\n<p>Zahtev za tlo: laka do srednje te\u0161ka, duboka i prozra\u010dna tla, bogata humusom i hranjivima. pH reakcija tla: 5,5 \u2013 6,5.<\/p>\n<p>Polo\u017eaj za sadnju: sun\u010dan, provjetrene lokacije su po\u017eeljne zbog osjetljivosti maline na bolesti izbojaka i plodova koje nastaju zbog visoke vlage unutar grma. Uzgoj u nasadima mogu\u0107 je do 1000 m nadmorske visine. Dobro uspjeva u podru\u010djima sa 700 \u2013 1000 mm padalina godi\u0161nje<\/p>\n<p>&nbsp;<\/p>\n","protected":false},"excerpt":{"rendered":"<p>U ponudi sadnice visine oko 50 cm<\/p>\n","protected":false},"featured_media":991,"comment_status":"closed","ping_status":"closed","template":"","meta":[],"product_brand":[],"product_cat":[20],"product_tag":[30,29,27],"class_list":{"0":"post-763","1":"product","2":"type-product","3":"status-publish","4":"has-post-thumbnail","6":"product_cat-vocne-sadnice","7":"product_tag-malina","8":"product_tag-sadnice","9":"product_tag-voce","11":"first","12":"instock","13":"shipping-taxable","14":"purchasable","15":"product-type-simple"},"jetpack_sharing_enabled":true,"_links":{"self":[{"href":"https:\/\/rasadniksavarika.rs\/index.php\/wp-json\/wp\/v2\/product\/763","targetHints":{"allow":["GET"]}}],"collection":[{"href":"https:\/\/rasadniksavarika.rs\/index.php\/wp-json\/wp\/v2\/product"}],"about":[{"href":"https:\/\/rasadniksavarika.rs\/index.php\/wp-json\/wp\/v2\/types\/product"}],"replies":[{"embeddable":true,"href":"https:\/\/rasadniksavarika.rs\/index.php\/wp-json\/wp\/v2\/comments?post=763"}],"wp:featuredmedia":[{"embeddable":true,"href":"https:\/\/rasadniksavarika.rs\/index.php\/wp-json\/wp\/v2\/media\/991"}],"wp:attachment":[{"href":"https:\/\/rasadniksavarika.rs\/index.php\/wp-json\/wp\/v2\/media?parent=763"}],"wp:term":[{"taxonomy":"product_brand","embeddable":true,"href":"https:\/\/rasadniksavarika.rs\/index.php\/wp-json\/wp\/v2\/product_brand?post=763"},{"taxonomy":"product_cat","embeddable":true,"href":"https:\/\/rasadniksavarika.rs\/index.php\/wp-json\/wp\/v2\/product_cat?post=763"},{"taxonomy":"product_tag","embeddable":true,"href":"https:\/\/rasadniksavarika.rs\/index.php\/wp-json\/wp\/v2\/product_tag?post=763"}],"curies":[{"name":"wp","href":"https:\/\/api.w.org\/{rel}","templated":true}]}}