{"id":776,"date":"2021-03-13T14:51:48","date_gmt":"2021-03-13T14:51:48","guid":{"rendered":"http:\/\/rasadniksavarika.rs\/?post_type=product&#038;p=776"},"modified":"2021-03-15T18:35:45","modified_gmt":"2021-03-15T18:35:45","slug":"javor-mlec","status":"publish","type":"product","link":"https:\/\/rasadniksavarika.rs\/index.php\/product\/javor-mlec\/","title":{"rendered":"Javor mle\u010d"},"content":{"rendered":"<p>Veliko listopadno drvo do 30 m visine i do 20 m \u0161iroke gusto razgranate kompaktne kro\u0161nje. Listovi su veoma dugi, \u010dak i do 15 cm, peto-re\u017enjeviti, tamno zeleni. Najdekorativniji su u jesen, kada boja listova postaje zlatno-\u017euta do crvena. Cveta u aprilu, pre listanja. Cvetovi su zelenkasto-\u017euti. Plodovi su braonkaste krilate ora\u0161ice koje se pojavljuju u oktobru. Uspeva\u00a0 na svim tipovima zemlji\u0161ta izuzev tresetnih i mo\u010dvarnih stani\u0161ta. Veoma je otporna na mraz, \u0161teto\u010dine i aerozaga\u0111enje pa su to razlozi zbog kojih se ova vrsta naj\u010de\u0161\u0107e koristi u parkovima i u gradskim drvoredima.<\/p>\n","protected":false},"excerpt":{"rendered":"<p>U ponudi trogodisnje sadnice golog korena visine oko 1,5 m.<\/p>\n","protected":false},"featured_media":1002,"comment_status":"closed","ping_status":"closed","template":"","meta":[],"product_brand":[],"product_cat":[22],"product_tag":[32,33,29],"class_list":{"0":"post-776","1":"product","2":"type-product","3":"status-publish","4":"has-post-thumbnail","6":"product_cat-liscari","7":"product_tag-javor","8":"product_tag-liscari","9":"product_tag-sadnice","11":"first","12":"instock","13":"shipping-taxable","14":"purchasable","15":"product-type-simple"},"jetpack_sharing_enabled":true,"_links":{"self":[{"href":"https:\/\/rasadniksavarika.rs\/index.php\/wp-json\/wp\/v2\/product\/776","targetHints":{"allow":["GET"]}}],"collection":[{"href":"https:\/\/rasadniksavarika.rs\/index.php\/wp-json\/wp\/v2\/product"}],"about":[{"href":"https:\/\/rasadniksavarika.rs\/index.php\/wp-json\/wp\/v2\/types\/product"}],"replies":[{"embeddable":true,"href":"https:\/\/rasadniksavarika.rs\/index.php\/wp-json\/wp\/v2\/comments?post=776"}],"wp:featuredmedia":[{"embeddable":true,"href":"https:\/\/rasadniksavarika.rs\/index.php\/wp-json\/wp\/v2\/media\/1002"}],"wp:attachment":[{"href":"https:\/\/rasadniksavarika.rs\/index.php\/wp-json\/wp\/v2\/media?parent=776"}],"wp:term":[{"taxonomy":"product_brand","embeddable":true,"href":"https:\/\/rasadniksavarika.rs\/index.php\/wp-json\/wp\/v2\/product_brand?post=776"},{"taxonomy":"product_cat","embeddable":true,"href":"https:\/\/rasadniksavarika.rs\/index.php\/wp-json\/wp\/v2\/product_cat?post=776"},{"taxonomy":"product_tag","embeddable":true,"href":"https:\/\/rasadniksavarika.rs\/index.php\/wp-json\/wp\/v2\/product_tag?post=776"}],"curies":[{"name":"wp","href":"https:\/\/api.w.org\/{rel}","templated":true}]}}