{"id":791,"date":"2021-03-13T15:03:48","date_gmt":"2021-03-13T15:03:48","guid":{"rendered":"http:\/\/rasadniksavarika.rs\/?post_type=product&#038;p=791"},"modified":"2021-03-15T18:58:15","modified_gmt":"2021-03-15T18:58:15","slug":"mahonija-sadnica","status":"publish","type":"product","link":"https:\/\/rasadniksavarika.rs\/index.php\/product\/mahonija-sadnica\/","title":{"rendered":"Mahonija sadnica"},"content":{"rendered":"<p>Mahonija je zimzeleni grm koji raste do visine od 1,5m i \u0161iri se do 1,5m. Listi\u0107i su joj tamno zeleni i sjajni , a po obodu bodljikavi. Preko zime list menja boju u tamno crvenu. Ona je ukras tokom cele godine, jer ve\u0107 u aprilu mesecu cveta divnim \u017eutim cvetovima na vrhovima grana. U septembru dobija plodove koji su okrugli i tamno plavi. Te plave bobice ostaju na biljci do kraja godine. Odgovara joj polusenka i sunce. Sadi se i u grupama i pojedina\u010dno, zavisno od veli\u010dine vrta. Ako je sadite u grupi mo\u017eete od nje formirati \u017eivu ogradu. Orezujte je po\u010detkom leta da ne bi izgledala zapu\u0161teno i da joj se ograni\u010di rast.<\/p>\n","protected":false},"excerpt":{"rendered":"<p>U ponudi sadnice u saksiji visine preko 40 cm<\/p>\n","protected":false},"featured_media":1009,"comment_status":"closed","ping_status":"closed","template":"","meta":[],"product_brand":[],"product_cat":[23],"product_tag":[37,29,35],"class_list":{"0":"post-791","1":"product","2":"type-product","3":"status-publish","4":"has-post-thumbnail","6":"product_cat-zbunovi","7":"product_tag-mahonija","8":"product_tag-sadnice","9":"product_tag-zbunovi","11":"first","12":"instock","13":"shipping-taxable","14":"purchasable","15":"product-type-simple"},"jetpack_sharing_enabled":true,"_links":{"self":[{"href":"https:\/\/rasadniksavarika.rs\/index.php\/wp-json\/wp\/v2\/product\/791","targetHints":{"allow":["GET"]}}],"collection":[{"href":"https:\/\/rasadniksavarika.rs\/index.php\/wp-json\/wp\/v2\/product"}],"about":[{"href":"https:\/\/rasadniksavarika.rs\/index.php\/wp-json\/wp\/v2\/types\/product"}],"replies":[{"embeddable":true,"href":"https:\/\/rasadniksavarika.rs\/index.php\/wp-json\/wp\/v2\/comments?post=791"}],"wp:featuredmedia":[{"embeddable":true,"href":"https:\/\/rasadniksavarika.rs\/index.php\/wp-json\/wp\/v2\/media\/1009"}],"wp:attachment":[{"href":"https:\/\/rasadniksavarika.rs\/index.php\/wp-json\/wp\/v2\/media?parent=791"}],"wp:term":[{"taxonomy":"product_brand","embeddable":true,"href":"https:\/\/rasadniksavarika.rs\/index.php\/wp-json\/wp\/v2\/product_brand?post=791"},{"taxonomy":"product_cat","embeddable":true,"href":"https:\/\/rasadniksavarika.rs\/index.php\/wp-json\/wp\/v2\/product_cat?post=791"},{"taxonomy":"product_tag","embeddable":true,"href":"https:\/\/rasadniksavarika.rs\/index.php\/wp-json\/wp\/v2\/product_tag?post=791"}],"curies":[{"name":"wp","href":"https:\/\/api.w.org\/{rel}","templated":true}]}}