{"id":794,"date":"2021-03-13T15:06:26","date_gmt":"2021-03-13T15:06:26","guid":{"rendered":"http:\/\/rasadniksavarika.rs\/?post_type=product&#038;p=794"},"modified":"2021-03-15T18:06:00","modified_gmt":"2021-03-15T18:06:00","slug":"sibirski-limun-sadnica","status":"publish","type":"product","link":"https:\/\/rasadniksavarika.rs\/index.php\/product\/sibirski-limun-sadnica\/","title":{"rendered":"Sibirski limun sadnica"},"content":{"rendered":"<p>Sibirski limun(pancirus trifoliata ) poti\u010de iz Kine i jugoisto\u010dne Azije. Vrlo brzo se pro\u0161irio i na ostale delove sveta. Pored tropskog ukusa, poznato je da sad\u017ei jako velike koli\u010dine vitamina C (po nekim merenjima i do 7 puta vi\u0161e od klasi\u010dnog limuna), plus vitamin P koji je redak u prirodi i 3500 ORAC jedinica (antioksidans) u 100 gr. Raste u vidu ni\u017eeg drveta od 3-5m visine u zavisnosti od tla i uslova uspevanja. Obrazuje veliki broj grana, bogato obraslim sjajnim ko\u017eastim troprsnim listovima i trnovima. Samo po sebi je veoma dekorativno naro\u010dito kada formira plodove. Sibirski limun je vrsta koja voli orezivanje. Ovim se podsti\u010de rast grana, bolje grananje, listanje i formiranje lep\u0161e kro\u0161nje. Orezivanje se vr\u0161i u prole\u0107e nakon poslednjih mrazeva. Veoma otporna vrsta koju skoro da uop\u0161te ne napadaju bolesti ni \u0161teto\u010dine. U jesen pristi\u017eu plodovi koji su sitniji od obi\u010dnog limuna, okruglasti i fino obrasli dla\u010dicama. Tokom zrenja su zelene boje, kada sazru intenzivno \u017eute. Sadr\u017ee dosta semenki, pogodni su za spravljanje raznih preliva za salatu, u limunadi, vo\u0107nim miksevima. Zbog veoma jakog ukusa retko se samostalno konzumiraju. Sibirski limun ne zahteva posebne mere nege, dovoljno je da ga zasadite u plodnu zemlju i redovno zalivate u slu\u010daju jakih su\u0161a.<\/p>\n","protected":false},"excerpt":{"rendered":"<p>U ponudi sadnice u saksiji visine oko 60 cm.<\/p>\n","protected":false},"featured_media":993,"comment_status":"closed","ping_status":"closed","template":"","meta":[],"product_brand":[],"product_cat":[20],"product_tag":[38,29,27],"class_list":{"0":"post-794","1":"product","2":"type-product","3":"status-publish","4":"has-post-thumbnail","6":"product_cat-vocne-sadnice","7":"product_tag-limun","8":"product_tag-sadnice","9":"product_tag-voce","11":"first","12":"instock","13":"shipping-taxable","14":"purchasable","15":"product-type-simple"},"jetpack_sharing_enabled":true,"_links":{"self":[{"href":"https:\/\/rasadniksavarika.rs\/index.php\/wp-json\/wp\/v2\/product\/794","targetHints":{"allow":["GET"]}}],"collection":[{"href":"https:\/\/rasadniksavarika.rs\/index.php\/wp-json\/wp\/v2\/product"}],"about":[{"href":"https:\/\/rasadniksavarika.rs\/index.php\/wp-json\/wp\/v2\/types\/product"}],"replies":[{"embeddable":true,"href":"https:\/\/rasadniksavarika.rs\/index.php\/wp-json\/wp\/v2\/comments?post=794"}],"wp:featuredmedia":[{"embeddable":true,"href":"https:\/\/rasadniksavarika.rs\/index.php\/wp-json\/wp\/v2\/media\/993"}],"wp:attachment":[{"href":"https:\/\/rasadniksavarika.rs\/index.php\/wp-json\/wp\/v2\/media?parent=794"}],"wp:term":[{"taxonomy":"product_brand","embeddable":true,"href":"https:\/\/rasadniksavarika.rs\/index.php\/wp-json\/wp\/v2\/product_brand?post=794"},{"taxonomy":"product_cat","embeddable":true,"href":"https:\/\/rasadniksavarika.rs\/index.php\/wp-json\/wp\/v2\/product_cat?post=794"},{"taxonomy":"product_tag","embeddable":true,"href":"https:\/\/rasadniksavarika.rs\/index.php\/wp-json\/wp\/v2\/product_tag?post=794"}],"curies":[{"name":"wp","href":"https:\/\/api.w.org\/{rel}","templated":true}]}}