{"id":813,"date":"2021-03-13T15:30:47","date_gmt":"2021-03-13T15:30:47","guid":{"rendered":"http:\/\/rasadniksavarika.rs\/?post_type=product&#038;p=813"},"modified":"2021-03-15T18:28:45","modified_gmt":"2021-03-15T18:28:45","slug":"bambus-aerocaulis-sadnica","status":"publish","type":"product","link":"https:\/\/rasadniksavarika.rs\/index.php\/product\/bambus-aerocaulis-sadnica\/","title":{"rendered":"Bambus aerocaulis sadnica"},"content":{"rendered":"<p>Phyllostachys aureosulcata f. aureocaulis je bambus sa \u017eutim \u0161tapovima koji povremeno menjaju boju. Podnosi na\u0161u zimu bez problema.<\/p>\n","protected":false},"excerpt":{"rendered":"<p>U ponudi sadnica u saksiji visine oko 2 m .<\/p>\n","protected":false},"featured_media":1000,"comment_status":"closed","ping_status":"closed","template":"","meta":[],"product_brand":[],"product_cat":[21],"product_tag":[45,44],"class_list":{"0":"post-813","1":"product","2":"type-product","3":"status-publish","4":"has-post-thumbnail","6":"product_cat-ukrasne-trave","7":"product_tag-bambus","8":"product_tag-trava","10":"first","11":"instock","12":"shipping-taxable","13":"purchasable","14":"product-type-simple"},"jetpack_sharing_enabled":true,"_links":{"self":[{"href":"https:\/\/rasadniksavarika.rs\/index.php\/wp-json\/wp\/v2\/product\/813","targetHints":{"allow":["GET"]}}],"collection":[{"href":"https:\/\/rasadniksavarika.rs\/index.php\/wp-json\/wp\/v2\/product"}],"about":[{"href":"https:\/\/rasadniksavarika.rs\/index.php\/wp-json\/wp\/v2\/types\/product"}],"replies":[{"embeddable":true,"href":"https:\/\/rasadniksavarika.rs\/index.php\/wp-json\/wp\/v2\/comments?post=813"}],"wp:featuredmedia":[{"embeddable":true,"href":"https:\/\/rasadniksavarika.rs\/index.php\/wp-json\/wp\/v2\/media\/1000"}],"wp:attachment":[{"href":"https:\/\/rasadniksavarika.rs\/index.php\/wp-json\/wp\/v2\/media?parent=813"}],"wp:term":[{"taxonomy":"product_brand","embeddable":true,"href":"https:\/\/rasadniksavarika.rs\/index.php\/wp-json\/wp\/v2\/product_brand?post=813"},{"taxonomy":"product_cat","embeddable":true,"href":"https:\/\/rasadniksavarika.rs\/index.php\/wp-json\/wp\/v2\/product_cat?post=813"},{"taxonomy":"product_tag","embeddable":true,"href":"https:\/\/rasadniksavarika.rs\/index.php\/wp-json\/wp\/v2\/product_tag?post=813"}],"curies":[{"name":"wp","href":"https:\/\/api.w.org\/{rel}","templated":true}]}}