{"id":838,"date":"2021-03-13T15:46:53","date_gmt":"2021-03-13T15:46:53","guid":{"rendered":"http:\/\/rasadniksavarika.rs\/?post_type=product&#038;p=838"},"modified":"2021-03-15T19:33:28","modified_gmt":"2021-03-15T19:33:28","slug":"cuvarkuce-10-kom-mix","status":"publish","type":"product","link":"https:\/\/rasadniksavarika.rs\/index.php\/product\/cuvarkuce-10-kom-mix\/","title":{"rendered":"Cuvarkuce 10 kom mix"},"content":{"rendered":"<p>Otpornost \u010duvarku\u0107e najbolje opisuje njeno latinsko ime Sempervivum, \u0161to u prevodu zna\u010di \u201cuvek \u017eiva\u201d. To je vi\u0161egodi\u0161nja biljka iz porodice tustikovki, poznata i pod nazivima cmili\u0107, mo\u017eek, netres, pod silu \u017eiv, treset, uhovnik, u\u0161na, vazda\u017eiv i \u017eednjak. Karakteri\u0161u je debeli mesnati listovi puni vode i cvetovi zvezdastog oblika.<\/p>\n<p>\u010cuvarku\u0107a raste od Maroka do Irana, kroz planine Pirinejskog poluotoka, Alpa, Karpata, Balkana, Turske i Kavkaza.\u00a0\u00a0 Na na\u0161im podru\u010djima \u010de\u0161\u0107e slu\u017ei kao ukrasna nego lekovita biljka. Neki od vas je se se\u0107aju i kao biljku s kojom su vam u detinjstvu le\u010dili uhobolju.<\/p>\n<p>Sastav i lekovito delovanje \u010duvarku\u0107e<\/p>\n<p>\u010cuvarku\u0107a sadr\u017ei tanin, biljnu sluz, masno ulje, smolu, mravlju i jabu\u010dnu kiselinu. Moderna su istra\u017eivanja potvrdila da poseduje vrlo vredne kiseline, flavonoide i ugljenehidrate. U narodnoj medicini koristi se zbog svojih antiupalnih, adstringentnih i diureti\u010dkih svojstava. Primenjuje se u obliku soka, obloga, masti, tinkture ili \u010daja.<\/p>\n","protected":false},"excerpt":{"rendered":"<p>U ponudi deset razli\u010ditih \u0107uvarku\u0107a kao na slici.<\/p>\n","protected":false},"featured_media":1011,"comment_status":"closed","ping_status":"closed","template":"","meta":[],"product_brand":[],"product_cat":[26],"product_tag":[54,52],"class_list":{"0":"post-838","1":"product","2":"type-product","3":"status-publish","4":"has-post-thumbnail","6":"product_cat-sukulenti","7":"product_tag-cuvarkuca","8":"product_tag-sukulenti","10":"first","11":"instock","12":"shipping-taxable","13":"purchasable","14":"product-type-simple"},"jetpack_sharing_enabled":true,"_links":{"self":[{"href":"https:\/\/rasadniksavarika.rs\/index.php\/wp-json\/wp\/v2\/product\/838","targetHints":{"allow":["GET"]}}],"collection":[{"href":"https:\/\/rasadniksavarika.rs\/index.php\/wp-json\/wp\/v2\/product"}],"about":[{"href":"https:\/\/rasadniksavarika.rs\/index.php\/wp-json\/wp\/v2\/types\/product"}],"replies":[{"embeddable":true,"href":"https:\/\/rasadniksavarika.rs\/index.php\/wp-json\/wp\/v2\/comments?post=838"}],"wp:featuredmedia":[{"embeddable":true,"href":"https:\/\/rasadniksavarika.rs\/index.php\/wp-json\/wp\/v2\/media\/1011"}],"wp:attachment":[{"href":"https:\/\/rasadniksavarika.rs\/index.php\/wp-json\/wp\/v2\/media?parent=838"}],"wp:term":[{"taxonomy":"product_brand","embeddable":true,"href":"https:\/\/rasadniksavarika.rs\/index.php\/wp-json\/wp\/v2\/product_brand?post=838"},{"taxonomy":"product_cat","embeddable":true,"href":"https:\/\/rasadniksavarika.rs\/index.php\/wp-json\/wp\/v2\/product_cat?post=838"},{"taxonomy":"product_tag","embeddable":true,"href":"https:\/\/rasadniksavarika.rs\/index.php\/wp-json\/wp\/v2\/product_tag?post=838"}],"curies":[{"name":"wp","href":"https:\/\/api.w.org\/{rel}","templated":true}]}}