{"id":855,"date":"2021-03-13T16:27:05","date_gmt":"2021-03-13T16:27:05","guid":{"rendered":"http:\/\/rasadniksavarika.rs\/?post_type=product&#038;p=855"},"modified":"2021-03-15T19:38:24","modified_gmt":"2021-03-15T19:38:24","slug":"lovor-visnja-sadnice","status":"publish","type":"product","link":"https:\/\/rasadniksavarika.rs\/index.php\/product\/lovor-visnja-sadnice\/","title":{"rendered":"Lovor vi\u0161nja sadnice"},"content":{"rendered":"<p>Lovor vi\u0161nja je robusna, zimzelena biljka koja je na\u0161la veliku primenu u hortikulturi Srbije. Ima krupne, mesnate, sjajno-zelene listove koji kao da su vo\u0161tani. Atraktivna je i zelena preko cele godine. Lovor vi\u0161nja je prvenstveno lisnodekorativna biljka iako u prole\u0107e cveta belim cvetovima prijatnog mirisa. Odli\u010dno podnosi orezivanje koje je posebno preporu\u010dljivo u prvim godinama rasta mlade sadnice kako bi se biljka bolje granala i oformila gustu kro\u0161nju. Mo\u017ee da izraste 2-3m u visinu, i do 70-80cm u \u0161irinu. Lovor vi\u0161nju mo\u017eete uzgajati kako u zemlji, vrtu tako i u \u017eardinjerama, saksijama, posudama. Vrlo efektno izgleda u samostalnoj sadnji kao i u grupacijama. Lovor vi\u0161nja je u samom vrhu biranih sorti za formiranje \u017eive ograde. Jako je otporna na sve uslove spolja\u0161nje sredine. Prihranjivanjem u toku vegetacije pospe\u0161i\u0107ete rast i bujnost sadnice.<\/p>\n","protected":false},"excerpt":{"rendered":"<p>U ponudi sadnice u saksiji\u00a0 visine oko 30 cm.<\/p>\n","protected":false},"featured_media":1013,"comment_status":"closed","ping_status":"closed","template":"","meta":[],"product_brand":[],"product_cat":[23],"product_tag":[59,29,60,35],"class_list":{"0":"post-855","1":"product","2":"type-product","3":"status-publish","4":"has-post-thumbnail","6":"product_cat-zbunovi","7":"product_tag-lovor","8":"product_tag-sadnice","9":"product_tag-visnja","10":"product_tag-zbunovi","12":"first","13":"instock","14":"shipping-taxable","15":"purchasable","16":"product-type-simple"},"jetpack_sharing_enabled":true,"_links":{"self":[{"href":"https:\/\/rasadniksavarika.rs\/index.php\/wp-json\/wp\/v2\/product\/855","targetHints":{"allow":["GET"]}}],"collection":[{"href":"https:\/\/rasadniksavarika.rs\/index.php\/wp-json\/wp\/v2\/product"}],"about":[{"href":"https:\/\/rasadniksavarika.rs\/index.php\/wp-json\/wp\/v2\/types\/product"}],"replies":[{"embeddable":true,"href":"https:\/\/rasadniksavarika.rs\/index.php\/wp-json\/wp\/v2\/comments?post=855"}],"wp:featuredmedia":[{"embeddable":true,"href":"https:\/\/rasadniksavarika.rs\/index.php\/wp-json\/wp\/v2\/media\/1013"}],"wp:attachment":[{"href":"https:\/\/rasadniksavarika.rs\/index.php\/wp-json\/wp\/v2\/media?parent=855"}],"wp:term":[{"taxonomy":"product_brand","embeddable":true,"href":"https:\/\/rasadniksavarika.rs\/index.php\/wp-json\/wp\/v2\/product_brand?post=855"},{"taxonomy":"product_cat","embeddable":true,"href":"https:\/\/rasadniksavarika.rs\/index.php\/wp-json\/wp\/v2\/product_cat?post=855"},{"taxonomy":"product_tag","embeddable":true,"href":"https:\/\/rasadniksavarika.rs\/index.php\/wp-json\/wp\/v2\/product_tag?post=855"}],"curies":[{"name":"wp","href":"https:\/\/api.w.org\/{rel}","templated":true}]}}