{"id":864,"date":"2021-03-13T16:34:01","date_gmt":"2021-03-13T16:34:01","guid":{"rendered":"http:\/\/rasadniksavarika.rs\/?post_type=product&#038;p=864"},"modified":"2021-03-15T19:43:19","modified_gmt":"2021-03-15T19:43:19","slug":"lonicera-nitida-sadnice","status":"publish","type":"product","link":"https:\/\/rasadniksavarika.rs\/index.php\/product\/lonicera-nitida-sadnice\/","title":{"rendered":"Lonicera nitida sadnice"},"content":{"rendered":"<p>Lonicera Nitida pripada grupi zimzelenog \u0161iblja koje izgleda kao mali zimzeleni \u017ebun poleglog rasta Veoma je gusta, jako zelenih ovalnih listova, cveta u aprilu. Cvetovi su krem-beli\u010daste boje, posle kojih se javljaju mali plodovi ljubi\u010daste boje. Nije zahtevna \u0161to se zemlji\u0161ta ti\u010de, trpi mraz i su\u0161u. Veoma zahvalna za orezivanje, kojim dobijamo na gustini i volumenu ovog zimzelenog \u0161iblja. Sadi se na suncu i polusenci. Umereno se zaliva.<\/p>\n","protected":false},"excerpt":{"rendered":"<p>U ponudi sadnice u saksiji visine 25 cm.<\/p>\n<p>\u0160aljem brzom po\u0161tom .<\/p>\n","protected":false},"featured_media":1014,"comment_status":"closed","ping_status":"closed","template":"","meta":[],"product_brand":[],"product_cat":[23],"product_tag":[63,29,35],"class_list":{"0":"post-864","1":"product","2":"type-product","3":"status-publish","4":"has-post-thumbnail","6":"product_cat-zbunovi","7":"product_tag-lonicera","8":"product_tag-sadnice","9":"product_tag-zbunovi","11":"first","12":"instock","13":"shipping-taxable","14":"purchasable","15":"product-type-simple"},"jetpack_sharing_enabled":true,"_links":{"self":[{"href":"https:\/\/rasadniksavarika.rs\/index.php\/wp-json\/wp\/v2\/product\/864","targetHints":{"allow":["GET"]}}],"collection":[{"href":"https:\/\/rasadniksavarika.rs\/index.php\/wp-json\/wp\/v2\/product"}],"about":[{"href":"https:\/\/rasadniksavarika.rs\/index.php\/wp-json\/wp\/v2\/types\/product"}],"replies":[{"embeddable":true,"href":"https:\/\/rasadniksavarika.rs\/index.php\/wp-json\/wp\/v2\/comments?post=864"}],"wp:featuredmedia":[{"embeddable":true,"href":"https:\/\/rasadniksavarika.rs\/index.php\/wp-json\/wp\/v2\/media\/1014"}],"wp:attachment":[{"href":"https:\/\/rasadniksavarika.rs\/index.php\/wp-json\/wp\/v2\/media?parent=864"}],"wp:term":[{"taxonomy":"product_brand","embeddable":true,"href":"https:\/\/rasadniksavarika.rs\/index.php\/wp-json\/wp\/v2\/product_brand?post=864"},{"taxonomy":"product_cat","embeddable":true,"href":"https:\/\/rasadniksavarika.rs\/index.php\/wp-json\/wp\/v2\/product_cat?post=864"},{"taxonomy":"product_tag","embeddable":true,"href":"https:\/\/rasadniksavarika.rs\/index.php\/wp-json\/wp\/v2\/product_tag?post=864"}],"curies":[{"name":"wp","href":"https:\/\/api.w.org\/{rel}","templated":true}]}}