{"id":867,"date":"2021-03-13T16:35:52","date_gmt":"2021-03-13T16:35:52","guid":{"rendered":"http:\/\/rasadniksavarika.rs\/?post_type=product&#038;p=867"},"modified":"2021-03-15T19:45:23","modified_gmt":"2021-03-15T19:45:23","slug":"lonicera-nitida-golden-glow-sadnica","status":"publish","type":"product","link":"https:\/\/rasadniksavarika.rs\/index.php\/product\/lonicera-nitida-golden-glow-sadnica\/","title":{"rendered":"Lonicera nitida golden glow sadnica"},"content":{"rendered":"<p>Novi varijetet Lonicere nitide, koji \u0107e vam odmah privu\u0107i pa\u017enju jako \u017eutom bojom li\u0161\u0107a. Biljka je veoma dekorativna i otporna na sve uslove. Koristi se za manje ogradice, kao pokriva\u010d tla, u grupacijama. Mo\u017ee se orezivati. Voli sun\u010dana do polusenovita stani\u0161ta.<\/p>\n","protected":false},"excerpt":{"rendered":"<p>U ponudi sadnice u saksiji visine oko 25 cm.<\/p>\n","protected":false},"featured_media":1016,"comment_status":"closed","ping_status":"closed","template":"","meta":[],"product_brand":[],"product_cat":[23],"product_tag":[63,29,35],"class_list":{"0":"post-867","1":"product","2":"type-product","3":"status-publish","4":"has-post-thumbnail","6":"product_cat-zbunovi","7":"product_tag-lonicera","8":"product_tag-sadnice","9":"product_tag-zbunovi","11":"first","12":"instock","13":"shipping-taxable","14":"purchasable","15":"product-type-simple"},"jetpack_sharing_enabled":true,"_links":{"self":[{"href":"https:\/\/rasadniksavarika.rs\/index.php\/wp-json\/wp\/v2\/product\/867","targetHints":{"allow":["GET"]}}],"collection":[{"href":"https:\/\/rasadniksavarika.rs\/index.php\/wp-json\/wp\/v2\/product"}],"about":[{"href":"https:\/\/rasadniksavarika.rs\/index.php\/wp-json\/wp\/v2\/types\/product"}],"replies":[{"embeddable":true,"href":"https:\/\/rasadniksavarika.rs\/index.php\/wp-json\/wp\/v2\/comments?post=867"}],"wp:featuredmedia":[{"embeddable":true,"href":"https:\/\/rasadniksavarika.rs\/index.php\/wp-json\/wp\/v2\/media\/1016"}],"wp:attachment":[{"href":"https:\/\/rasadniksavarika.rs\/index.php\/wp-json\/wp\/v2\/media?parent=867"}],"wp:term":[{"taxonomy":"product_brand","embeddable":true,"href":"https:\/\/rasadniksavarika.rs\/index.php\/wp-json\/wp\/v2\/product_brand?post=867"},{"taxonomy":"product_cat","embeddable":true,"href":"https:\/\/rasadniksavarika.rs\/index.php\/wp-json\/wp\/v2\/product_cat?post=867"},{"taxonomy":"product_tag","embeddable":true,"href":"https:\/\/rasadniksavarika.rs\/index.php\/wp-json\/wp\/v2\/product_tag?post=867"}],"curies":[{"name":"wp","href":"https:\/\/api.w.org\/{rel}","templated":true}]}}