{"id":873,"date":"2021-03-13T16:39:47","date_gmt":"2021-03-13T16:39:47","guid":{"rendered":"http:\/\/rasadniksavarika.rs\/?post_type=product&#038;p=873"},"modified":"2021-03-21T16:20:59","modified_gmt":"2021-03-21T16:20:59","slug":"katalpa-bignonioides-sadnica","status":"publish","type":"product","link":"https:\/\/rasadniksavarika.rs\/index.php\/product\/katalpa-bignonioides-sadnica\/","title":{"rendered":"Katalpa cigara\u0161 sadnica"},"content":{"rendered":"<p>Katalpa je listopadno drvo koje se veoma lako gaji u prose\u010dno bogatom i srednje vla\u017enom tlu sa punom dnevnom svetlo\u0161\u0107u ali \u0107e tolerisati i povremene senke. Veoma je tolerantna na \u0161irok spektar \u017eemljista. Otporna je kako na su\u0161u tako i na vi\u0161kove vode koji se veoma \u010desto javljaju kod te\u0161kih i glinovitih zemlji\u0161ta. Postoje vi\u0161e oblika i formi ovog drveta. Prirodna forma katalpe je sa zaobljenom kro\u0161njom i \u010desto dosti\u017ee visine od preko 8m dok kod kalemljenih formi biljka zadr\u017eava loptast izgled dostizaju\u0107i visine do \u010dak 5m i \u0161irine do 3m. Kalemljene forme imaju\u00a0 manje li\u0161\u0107e i obi\u010dno ne cvetaju.<\/p>\n","protected":false},"excerpt":{"rendered":"<h3><span data-text-color=\"success\"><em>&#8220;Catalpa bignonioides&#8221;<\/em><\/span><\/h3>\n<p>U ponudi sadnice golog korena visine oko 1 m.<\/p>\n","protected":false},"featured_media":1007,"comment_status":"closed","ping_status":"closed","template":"","meta":[],"product_brand":[],"product_cat":[22],"product_tag":[78,65,33,29],"class_list":{"0":"post-873","1":"product","2":"type-product","3":"status-publish","4":"has-post-thumbnail","6":"product_cat-liscari","7":"product_tag-cigaras","8":"product_tag-katalpa","9":"product_tag-liscari","10":"product_tag-sadnice","12":"first","13":"instock","14":"shipping-taxable","15":"purchasable","16":"product-type-simple"},"jetpack_sharing_enabled":true,"_links":{"self":[{"href":"https:\/\/rasadniksavarika.rs\/index.php\/wp-json\/wp\/v2\/product\/873","targetHints":{"allow":["GET"]}}],"collection":[{"href":"https:\/\/rasadniksavarika.rs\/index.php\/wp-json\/wp\/v2\/product"}],"about":[{"href":"https:\/\/rasadniksavarika.rs\/index.php\/wp-json\/wp\/v2\/types\/product"}],"replies":[{"embeddable":true,"href":"https:\/\/rasadniksavarika.rs\/index.php\/wp-json\/wp\/v2\/comments?post=873"}],"wp:featuredmedia":[{"embeddable":true,"href":"https:\/\/rasadniksavarika.rs\/index.php\/wp-json\/wp\/v2\/media\/1007"}],"wp:attachment":[{"href":"https:\/\/rasadniksavarika.rs\/index.php\/wp-json\/wp\/v2\/media?parent=873"}],"wp:term":[{"taxonomy":"product_brand","embeddable":true,"href":"https:\/\/rasadniksavarika.rs\/index.php\/wp-json\/wp\/v2\/product_brand?post=873"},{"taxonomy":"product_cat","embeddable":true,"href":"https:\/\/rasadniksavarika.rs\/index.php\/wp-json\/wp\/v2\/product_cat?post=873"},{"taxonomy":"product_tag","embeddable":true,"href":"https:\/\/rasadniksavarika.rs\/index.php\/wp-json\/wp\/v2\/product_tag?post=873"}],"curies":[{"name":"wp","href":"https:\/\/api.w.org\/{rel}","templated":true}]}}