{"id":891,"date":"2021-03-13T16:51:35","date_gmt":"2021-03-13T16:51:35","guid":{"rendered":"http:\/\/rasadniksavarika.rs\/?post_type=product&#038;p=891"},"modified":"2021-03-15T18:17:33","modified_gmt":"2021-03-15T18:17:33","slug":"jagoda-malina-sadnica","status":"publish","type":"product","link":"https:\/\/rasadniksavarika.rs\/index.php\/product\/jagoda-malina-sadnica\/","title":{"rendered":"Jagoda &#8211; malina sadnica"},"content":{"rendered":"<p>Nova biljka na na\u0161em tr\u017ei\u0161tu. Nastala je kao rezultat rada tima stru\u010dnjaka koji su ukrstili jagodu i malinu.<\/p>\n<p>Ova biljka izgleda kao grm, stabljika je oblo\u017eenja bodljama.<\/p>\n<p>Latinski naziv: Rubus illecebrocus.<\/p>\n<p>Raste u visinu od pola metra do jedan metar.<\/p>\n<p>Samooplodna je biljka. Plod donosi ve\u0107 prve godine, u periodu od 6 do 7 meseca.<\/p>\n<p>Plodovi su aromati\u010dni, crvenkaste boje, izgledom li\u010de na jagodu sa ukusom maline.<\/p>\n<p>Veoma je otporna na niske temperature, adaptibilna biljka i zahvalna, lagana za odr\u017eavanje, voli osun\u010dana podru\u010dja, potrebno je obezbediti sistem kap-kap ili neki drug vid navodnjavanja.<\/p>\n<p>Na\u010din odr\u017eavanja mo\u017ee se porediti sa Polkom jer se uklanja do zemlje nakon plodono\u0161enja i naredne vegetacije kre\u0107u novi izdanci iz zemlje.<\/p>\n","protected":false},"excerpt":{"rendered":"<p>U prodaji sadnice u saksiji.<\/p>\n","protected":false},"featured_media":997,"comment_status":"closed","ping_status":"closed","template":"","meta":[],"product_brand":[],"product_cat":[20],"product_tag":[70,30,29,27],"class_list":{"0":"post-891","1":"product","2":"type-product","3":"status-publish","4":"has-post-thumbnail","6":"product_cat-vocne-sadnice","7":"product_tag-jagoda","8":"product_tag-malina","9":"product_tag-sadnice","10":"product_tag-voce","12":"first","13":"instock","14":"shipping-taxable","15":"purchasable","16":"product-type-simple"},"jetpack_sharing_enabled":true,"_links":{"self":[{"href":"https:\/\/rasadniksavarika.rs\/index.php\/wp-json\/wp\/v2\/product\/891","targetHints":{"allow":["GET"]}}],"collection":[{"href":"https:\/\/rasadniksavarika.rs\/index.php\/wp-json\/wp\/v2\/product"}],"about":[{"href":"https:\/\/rasadniksavarika.rs\/index.php\/wp-json\/wp\/v2\/types\/product"}],"replies":[{"embeddable":true,"href":"https:\/\/rasadniksavarika.rs\/index.php\/wp-json\/wp\/v2\/comments?post=891"}],"wp:featuredmedia":[{"embeddable":true,"href":"https:\/\/rasadniksavarika.rs\/index.php\/wp-json\/wp\/v2\/media\/997"}],"wp:attachment":[{"href":"https:\/\/rasadniksavarika.rs\/index.php\/wp-json\/wp\/v2\/media?parent=891"}],"wp:term":[{"taxonomy":"product_brand","embeddable":true,"href":"https:\/\/rasadniksavarika.rs\/index.php\/wp-json\/wp\/v2\/product_brand?post=891"},{"taxonomy":"product_cat","embeddable":true,"href":"https:\/\/rasadniksavarika.rs\/index.php\/wp-json\/wp\/v2\/product_cat?post=891"},{"taxonomy":"product_tag","embeddable":true,"href":"https:\/\/rasadniksavarika.rs\/index.php\/wp-json\/wp\/v2\/product_tag?post=891"}],"curies":[{"name":"wp","href":"https:\/\/api.w.org\/{rel}","templated":true}]}}