{"id":897,"date":"2021-03-13T16:55:35","date_gmt":"2021-03-13T16:55:35","guid":{"rendered":"http:\/\/rasadniksavarika.rs\/?post_type=product&#038;p=897"},"modified":"2022-03-14T12:04:42","modified_gmt":"2022-03-14T12:04:42","slug":"asimina-triloba-indijska-banana-sadnice","status":"publish","type":"product","link":"https:\/\/rasadniksavarika.rs\/index.php\/product\/asimina-triloba-indijska-banana-sadnice\/","title":{"rendered":"Asimina triloba &#8211; Indijska banana sadnice"},"content":{"rendered":"<p>Mango, ananas i banana u jednoj \u2018biljci\u2019 Asimina (Asimina triloba L. ) je vi\u0161egodi\u0161nja biljka poreklom iz Severne Amerike. Poznata je i kao indijska banana, Pav-Pav. UzgojAsimina je uop\u0161te retka vrsta. Spada u listodapadne vrste sa velikim listovima. Zahteva bogata humusna zemlji\u0161ta, ali raste i na drugim tipovima zemlji\u0161ta (izuzev na kiselim). Po\u017eeljno je dodati prilikom sadnje \u0161to vi\u0161e organskog \u0111ubriva i hraniva kako bi mogla da nesmetano raste. . Prvih par godina Asimina raste sporo, a s vremenom, kako joj raste koren, srazmerno raste i sadnica. U po\u010detku je potrebno da ima i neki vid potpore da se ne bi stablo lomilo. Jako je bitno da bude posa\u0111ena na mestu gde nema popodnevnog sunca. Ukoliko je izlo\u017eena celodnevnom suncu obavezno dolazi do o\u017eegotina. Oblik uzgoja sami odre\u0111ujete \u2013 kao \u017ebun mo\u017ee rasti 2.5-3 metra, a kao drvo \u010dak i do 5 m. Poznato je da je otporna na niske zimske temperature (do -30\u00b0C), ali u prvim godinama kao i kod Shisandre, preporu\u010dljivo je da se pred zimu osigura adekvatnim agrotekstilom, mal\u010dom, li\u0161\u0107em ili slamom. Biljka cveta u aprilu, tamnim ljubi\u010dastim cvetovima. Ra\u0111a minimum tri godine posle sadnje. Nakon opra\u0161ivanja rastu grozdaste cvasti pa se razvija plod koje se kre\u0107e od 7 do 15 cm. Plodovi su kao kod manga, sa zelenom ko\u017eom koja pri zrenju prelazi u \u017eutu boju, obi\u010dno do kraja semptembra. Plodovi mogu te\u017eiti do 0,5 kg. Meso ima sladak ukus i podse\u0107a na me\u0161avinu banane, manga i ananasa. Vo\u0107e mo\u017ee da se bere direktno sa drveta ili mo\u017eete sa\u010dekati da samo padne na zemlju. Le\u010denje i upotrebaPlodovi su bogati ugljenim hidratima, vitaminima i mineralima. Asimina za sada ni kod nas ni u regionu nema poznatih \u0161teto\u010dina i bolesti. Listovi su poznati kao prirodni insekticid. Natopljeni u vodi deluju protiv krompirove zlatice, nematoda i drugih \u0161teto\u010dina. Kako da napravite sprej od li\u0161\u0107a asimine? Pokupite li\u0161\u0107e u jesen, \u017eute i pred opadanje. Li\u0161\u0107e se potpuno osu\u0161i \u2013 na primer, u kartonskoj kutiji. Dve pune ka\u0161ike suvog, smrvljenog li\u0161\u0107a sipati u 2 litra tople vode. Sve zajedno ostaviti da se natopi nekoliko dana (idealno 7-10) kako bi se dobila braon suspenzija. Procediti i \u010duvati na tamnom i hladnom mestu do prole\u0107a. Na prole\u0107e samo sipajte u prskalice i primenite. Tokom natapanja iz listova se izlu\u010di asimicin, koji je prirodni insekticid. \u010cak su i Indijanci to koristili kao za\u0161titu od krompirove zlatice, da za\u0161tite svoje konje protiv komaraca i sli\u010dno.<\/p>\n","protected":false},"excerpt":{"rendered":"<p>U ponudi sadnice u saksiji visine 20-30cm<\/p>\n","protected":false},"featured_media":1075,"comment_status":"closed","ping_status":"closed","template":"","meta":[],"product_brand":[],"product_cat":[20],"product_tag":[73,29,27],"class_list":{"0":"post-897","1":"product","2":"type-product","3":"status-publish","4":"has-post-thumbnail","6":"product_cat-vocne-sadnice","7":"product_tag-banana","8":"product_tag-sadnice","9":"product_tag-voce","11":"first","12":"instock","13":"shipping-taxable","14":"purchasable","15":"product-type-simple"},"jetpack_sharing_enabled":true,"_links":{"self":[{"href":"https:\/\/rasadniksavarika.rs\/index.php\/wp-json\/wp\/v2\/product\/897","targetHints":{"allow":["GET"]}}],"collection":[{"href":"https:\/\/rasadniksavarika.rs\/index.php\/wp-json\/wp\/v2\/product"}],"about":[{"href":"https:\/\/rasadniksavarika.rs\/index.php\/wp-json\/wp\/v2\/types\/product"}],"replies":[{"embeddable":true,"href":"https:\/\/rasadniksavarika.rs\/index.php\/wp-json\/wp\/v2\/comments?post=897"}],"wp:featuredmedia":[{"embeddable":true,"href":"https:\/\/rasadniksavarika.rs\/index.php\/wp-json\/wp\/v2\/media\/1075"}],"wp:attachment":[{"href":"https:\/\/rasadniksavarika.rs\/index.php\/wp-json\/wp\/v2\/media?parent=897"}],"wp:term":[{"taxonomy":"product_brand","embeddable":true,"href":"https:\/\/rasadniksavarika.rs\/index.php\/wp-json\/wp\/v2\/product_brand?post=897"},{"taxonomy":"product_cat","embeddable":true,"href":"https:\/\/rasadniksavarika.rs\/index.php\/wp-json\/wp\/v2\/product_cat?post=897"},{"taxonomy":"product_tag","embeddable":true,"href":"https:\/\/rasadniksavarika.rs\/index.php\/wp-json\/wp\/v2\/product_tag?post=897"}],"curies":[{"name":"wp","href":"https:\/\/api.w.org\/{rel}","templated":true}]}}