{"id":900,"date":"2021-03-13T16:57:26","date_gmt":"2021-03-13T16:57:26","guid":{"rendered":"http:\/\/rasadniksavarika.rs\/?post_type=product&#038;p=900"},"modified":"2021-03-31T19:55:55","modified_gmt":"2021-03-31T19:55:55","slug":"japanska-dunja-kameja-sadnica","status":"publish","type":"product","link":"https:\/\/rasadniksavarika.rs\/index.php\/product\/japanska-dunja-kameja-sadnica\/","title":{"rendered":"Japanska dunja Kameja sadnica"},"content":{"rendered":"<p>Japanska dunja &#8211; lep ukras u vrtu ili na balkonu. Gaji se zbog izdr\u017eljivosti na gradske uslove, hladno\u0107u, ali i su\u0161u. Nije izbirljiva ni za vrstu zemlji\u0161ta. JAPANSKA dunja me\u0111u prvima procveta ru\u017ei\u010dastim cvetovima i pre nego \u0161to ovaj listopadni \u017ebun olista.<\/p>\n<p>Plodovi su okrugli i podse\u0107aju na mini-dunje, a u jesen postaju \u017eute i ostaju na grani kada opadnu listovi. Miris je veoma aromati\u010dan i podse\u0107a na miris prave dunje. Od njih se mo\u017ee napraviti liker, kompot ili slatko.<\/p>\n<p>Da bi lepo cvetala dunjarica mora da ima dosta direktnog sunca. Kalcijum u zemlji\u0161tu doprinosi formiranju cvetova i plodova, pa ako ne cveta treba je presaditi u zemlju bogatom kre\u010dom.<\/p>\n","protected":false},"excerpt":{"rendered":"<p>U ponudi trogodisnje sadnice japanske dunje Kameje , boja cveta kao na slici , sadnice u saksiji visine oko 40 cm.<\/p>\n","protected":false},"featured_media":1077,"comment_status":"closed","ping_status":"closed","template":"","meta":[],"product_brand":[],"product_cat":[23],"product_tag":[74,29],"class_list":{"0":"post-900","1":"product","2":"type-product","3":"status-publish","4":"has-post-thumbnail","6":"product_cat-zbunovi","7":"product_tag-dunja","8":"product_tag-sadnice","10":"first","11":"instock","12":"shipping-taxable","13":"purchasable","14":"product-type-simple"},"jetpack_sharing_enabled":true,"_links":{"self":[{"href":"https:\/\/rasadniksavarika.rs\/index.php\/wp-json\/wp\/v2\/product\/900","targetHints":{"allow":["GET"]}}],"collection":[{"href":"https:\/\/rasadniksavarika.rs\/index.php\/wp-json\/wp\/v2\/product"}],"about":[{"href":"https:\/\/rasadniksavarika.rs\/index.php\/wp-json\/wp\/v2\/types\/product"}],"replies":[{"embeddable":true,"href":"https:\/\/rasadniksavarika.rs\/index.php\/wp-json\/wp\/v2\/comments?post=900"}],"wp:featuredmedia":[{"embeddable":true,"href":"https:\/\/rasadniksavarika.rs\/index.php\/wp-json\/wp\/v2\/media\/1077"}],"wp:attachment":[{"href":"https:\/\/rasadniksavarika.rs\/index.php\/wp-json\/wp\/v2\/media?parent=900"}],"wp:term":[{"taxonomy":"product_brand","embeddable":true,"href":"https:\/\/rasadniksavarika.rs\/index.php\/wp-json\/wp\/v2\/product_brand?post=900"},{"taxonomy":"product_cat","embeddable":true,"href":"https:\/\/rasadniksavarika.rs\/index.php\/wp-json\/wp\/v2\/product_cat?post=900"},{"taxonomy":"product_tag","embeddable":true,"href":"https:\/\/rasadniksavarika.rs\/index.php\/wp-json\/wp\/v2\/product_tag?post=900"}],"curies":[{"name":"wp","href":"https:\/\/api.w.org\/{rel}","templated":true}]}}