{"id":914,"date":"2021-03-13T17:10:11","date_gmt":"2021-03-13T17:10:11","guid":{"rendered":"http:\/\/rasadniksavarika.rs\/?post_type=product&#038;p=914"},"modified":"2024-04-18T19:47:16","modified_gmt":"2024-04-18T19:47:16","slug":"banana-musa-basjo-sadnica","status":"publish","type":"product","link":"https:\/\/rasadniksavarika.rs\/index.php\/product\/banana-musa-basjo-sadnica\/","title":{"rendered":"Banana musa basjo"},"content":{"rendered":"<p>Voli obilno zalivanje a cveta posle tri do \u010detiri godine i donosi sitne plodove. Biljka koja je procvetala posle cvetanja ugine pa je zato potrebno uvek ostaviti barem dva do tri izdanka koji \u0107e je zameniti. Pre niskih temperatura I mraza celu biljku treba odse\u0107i na visinu oko 30cm od tla, pokrijti je slamom I suvim li\u0161\u0107em preko kojeg se postavi najlon. I ako se se\u010de skoro do zemlje, svake godine izra\u0161\u0107e vi\u0161a i bogatija.<\/p>\n","protected":false},"excerpt":{"rendered":"<h3><span data-text-color=\"success\"><em>&#8220;Musa basjoo&#8221;<\/em><\/span><\/h3>\n<p>U ponudi sadnice visine oko 50 cm.<\/p>\n","protected":false},"featured_media":1173,"comment_status":"closed","ping_status":"closed","template":"","meta":[],"product_brand":[],"product_cat":[20],"product_tag":[73,81,82,29],"class_list":{"0":"post-914","1":"product","2":"type-product","3":"status-publish","4":"has-post-thumbnail","6":"product_cat-vocne-sadnice","7":"product_tag-banana","8":"product_tag-japanska","9":"product_tag-koncasta","10":"product_tag-sadnice","12":"first","13":"instock","14":"shipping-taxable","15":"purchasable","16":"product-type-simple"},"jetpack_sharing_enabled":true,"_links":{"self":[{"href":"https:\/\/rasadniksavarika.rs\/index.php\/wp-json\/wp\/v2\/product\/914","targetHints":{"allow":["GET"]}}],"collection":[{"href":"https:\/\/rasadniksavarika.rs\/index.php\/wp-json\/wp\/v2\/product"}],"about":[{"href":"https:\/\/rasadniksavarika.rs\/index.php\/wp-json\/wp\/v2\/types\/product"}],"replies":[{"embeddable":true,"href":"https:\/\/rasadniksavarika.rs\/index.php\/wp-json\/wp\/v2\/comments?post=914"}],"wp:featuredmedia":[{"embeddable":true,"href":"https:\/\/rasadniksavarika.rs\/index.php\/wp-json\/wp\/v2\/media\/1173"}],"wp:attachment":[{"href":"https:\/\/rasadniksavarika.rs\/index.php\/wp-json\/wp\/v2\/media?parent=914"}],"wp:term":[{"taxonomy":"product_brand","embeddable":true,"href":"https:\/\/rasadniksavarika.rs\/index.php\/wp-json\/wp\/v2\/product_brand?post=914"},{"taxonomy":"product_cat","embeddable":true,"href":"https:\/\/rasadniksavarika.rs\/index.php\/wp-json\/wp\/v2\/product_cat?post=914"},{"taxonomy":"product_tag","embeddable":true,"href":"https:\/\/rasadniksavarika.rs\/index.php\/wp-json\/wp\/v2\/product_tag?post=914"}],"curies":[{"name":"wp","href":"https:\/\/api.w.org\/{rel}","templated":true}]}}